{"id":363,"date":"2025-12-30T16:02:29","date_gmt":"2025-12-30T16:02:29","guid":{"rendered":"https:\/\/awesome-chandrasekhar.141-94-68-77.plesk.page\/?page_id=363"},"modified":"2026-01-05T10:30:05","modified_gmt":"2026-01-05T10:30:05","slug":"politica-de-privacidad","status":"publish","type":"page","link":"https:\/\/awesome-chandrasekhar.141-94-68-77.plesk.page\/index.php\/politica-de-privacidad\/","title":{"rendered":"Pol\u00edtica de privacidad"},"content":{"rendered":"\t\t<div data-elementor-type=\"wp-page\" data-elementor-id=\"363\" class=\"elementor elementor-363\" data-elementor-post-type=\"page\">\n\t\t\t\t<div class=\"elementor-element elementor-element-56a5b97 e-flex e-con-boxed e-con e-parent\" data-id=\"56a5b97\" data-element_type=\"container\">\n\t\t\t\t\t<div class=\"e-con-inner\">\n\t\t\t\t<div class=\"elementor-element elementor-element-49419e4 elementor-widget elementor-widget-text-editor\" data-id=\"49419e4\" data-element_type=\"widget\" data-widget_type=\"text-editor.default\">\n\t\t\t\t\t\t\t\t\t<p><b>POL\u00cdTICA DE PRIVACIDAD<\/b><\/p><p>La seguridad de los datos personales se ha convertido en una de las m\u00e1ximas prioridades de las organizaciones, y en una empresa global y altamente interconectada como la nuestra, garantizar la inviolabilidad de esa informaci\u00f3n ha de ser un objetivo prioritario. En este sentido, queremos ser transparentes y poner a disposici\u00f3n de todas las personas que interact\u00faan con nosotros, la presente Pol\u00edtica de Privacidad.<\/p><p>Esta Pol\u00edtica tiene un car\u00e1cter global, ya que, si bien cada vez que recopilemos sus datos, le facilitaremos la informaci\u00f3n espec\u00edfica del tratamiento, queremos recoger y poner a su disposici\u00f3n el presente documento donde podr\u00e1 encontrar y consultar la\u00a0<b>informaci\u00f3n general y relevante relativa a nuestras pr\u00e1cticas en materia de Protecci\u00f3n de Datos personales<\/b>, as\u00ed como nuestras relaciones con aquellos terceros que pudieran acceder a los mismos o recabarlos en nuestro nombre.<\/p><p>Esta pol\u00edtica aplica a todas las empresas que componen el negocio de Energ\u00eda (denominadas colectivamente \u201c<b>Eco Energ\u00eda<\/b>\u201d), cuya composici\u00f3n puede consultar en \u00a0<a title=\"Cuentas anuales\" href=\"https:\/\/www.acciona-energia.com\/es\/accionistas-inversores\/informacion-financiera\/cuentas-anuales\/\">?????????????<\/a>. Las referencias de la presente Pol\u00edtica de Privacidad a \u00ab\u00a0Eco Energ\u00eda\u00a0\u00bb, \u00ab\u00a0nosotros\u00a0\u00bb, \u00ab\u00a0nos\u00a0\u00bb y \u00ab\u00a0nuestro\u00a0\u00bb conciernen a la entidad responsable del tratamiento de su informaci\u00f3n personal que, por lo general, ser\u00e1 aquella que la recabe, trate y se identifique en cada momento.<\/p><p>Eco Energ\u00eda se compromete al tratamiento de los datos personales de acuerdo con la normativa de protecci\u00f3n de datos personales y, en concreto, siempre que le sea aplicable, con lo establecido en el Reglamento (UE) 2016\/679, 27 de abril de 2016, relativo a la protecci\u00f3n de las personas f\u00edsicas en lo que respecta al tratamiento de datos personales y a la libre circulaci\u00f3n de estos datos, en consonancia y respeto con la legislaci\u00f3n local aplicable en cada caso, por lo que en algunas jurisdicciones la presente Pol\u00edtica podr\u00eda verse completada con la normativa local correspondiente.<\/p><p>Esta Pol\u00edtica de Privacidad es de aplicaci\u00f3n a todos los Usuarios, entendiendo como tal, a los visitantes de la p\u00e1gina web, as\u00ed como a cualquier otra persona que nos facilite informaci\u00f3n de car\u00e1cter personal a trav\u00e9s de los diferentes canales (en adelante, \u201c<b>Usuario<\/b>\u201d o \u201c<b>Usuarios<\/b>\u201d). En este contexto,\u00a0<b>Canales<\/b>, son los distintos medios o servicios que ponemos a tu disposici\u00f3n para que puedas interactuar con nosotros, impliquen o no registro, como pueden ser webs, aplicaciones, plataformas, buzones, direcciones o n\u00fameros de tel\u00e9fono de informaci\u00f3n o atenci\u00f3n al Usuario, perfiles en redes sociales, formularios, eventos, etc.<\/p><p>Puede que alguno de nuestros Canales on-line contengan enlaces a otros sitios web y aplicaciones de terceros ajenos a Eco Energ\u00eda. La presente Pol\u00edtica de Privacidad no es de aplicaci\u00f3n a los mismos. Por favor, revise igualmente las Pol\u00edticas de Privacidad de dichos terceros a fin de familiarizarse con sus pr\u00e1cticas. Tambi\u00e9n puede que contengan cookies de terceros que no sean propiedad ni est\u00e9n bajo el control de Eco Energ\u00eda. En este caso puede escoger su configuraci\u00f3n de Cookies de terceros utilizando nuestra Herramienta de Configuraci\u00f3n de Cookies, donde podr\u00e1 gestionar sus preferencias y, a la que puede acceder haciendo clic en \u00ab\u00a0Cookies\u00a0\u00bb.<\/p><p>Eco Energ\u00eda adopta las <b>medidas de \u00edndole t\u00e9cnica y organizativa\u00a0<\/b>necesarias para garantizar la seguridad de los datos personales y para evitar su alteraci\u00f3n, p\u00e9rdida, tratamiento o acceso no autorizado, habida cuenta del estado de la tecnolog\u00eda, la naturaleza de los datos y los riesgos a los que est\u00e1n expuestos. Tambi\u00e9n puede verificar la presencia del certificado SSL comprobando las propiedades de la P\u00e1gina en su navegador. Una conexi\u00f3n ser\u00e1 segura cuando en la barra de direcciones del navegador aparece \u00ab\u00a0https:\/\/\u00a0\u00bb en lugar de \u00ab\u00a0http:\/\/\u00a0\u00bb y se muestra el s\u00edmbolo de un candado. Puede consultar m\u00e1s caracter\u00edsticas del certificado SSL en el apartado Aviso Legal.<\/p><p><b>\u00bfQUI\u00c9N ES EL RESPONSABLE DEL TRATAMIENTO DE LOS DATOS PERSONALES?<\/b><\/p><p>Cada vez que se recaben y traten datos personales, informaremos al Usuario de la empresa de Eco Energ\u00eda que es responsable del tratamiento, y le proporcionaremos los correspondientes datos de identificaci\u00f3n.<\/p><p>Respecto de esta Pol\u00edtica de Privacidad y de esta web, le informamos que el responsable del tratamiento es:<\/p><ul><li><span style=\"text-decoration: underline;\">Denominaci\u00f3n social: Corporaci\u00f3n Acciona Energ\u00edas Renovables, S.A.????????????????<\/span><\/li><li><span style=\"text-decoration: underline;\">NIF:\u00a0 A85483311.????????????<\/span><\/li><li><span style=\"text-decoration: underline;\">Direcci\u00f3n: Avenida Gran V\u00eda de Hortaleza n\u00ba1, 28033 Madrid.??????????<\/span><\/li><li><span style=\"text-decoration: underline;\">Tel\u00e9fono: +34 91 663 28 50?????????????????<\/span><\/li><li><span style=\"text-decoration: underline;\">Correo electr\u00f3nico de contacto:\u00a0<a href=\"mailto:contact@acciona.es\">contact@acciona.es????????????????<\/a><\/span><\/li><\/ul><p><b>\u00bfQU\u00c9 DATOS PERSONALES PODEMOS RECABAR A TRAV\u00c9S DE NUESTROS CANALES?<\/b><\/p><p>A efectos de la presente Pol\u00edtica de Privacidad, \u201cdatos personales\u201d son aquellos datos que identifican a una persona o pueden utilizarse para identificarla.<\/p><p>Eco Energ\u00eda informa a sus Usuarios, que sus datos personales, obtenidos por medio de los Canales de su propiedad o titularidad, s\u00f3lo podr\u00e1n recogerse para su tratamiento cuando sean <b>adecuados, pertinentes y no excesivos<\/b>\u00a0en relaci\u00f3n con el \u00e1mbito y las finalidades determinadas, expl\u00edcitas y leg\u00edtimas para las que se hayan obtenido.<\/p><p>Cuando a trav\u00e9s de nuestros Canales se recaben datos personales con finalidades espec\u00edficas,\u00a0<b>se facilitar\u00e1 previamente la informaci\u00f3n al Usuario de forma clara e inequ\u00edvoca\u00a0<\/b>de i) el responsable y sus datos de contacto, ii) las finalidades del tratamiento en concreto y la base de legitimaci\u00f3n, iii) los destinatarios o categor\u00edas de destinatarios en su caso, as\u00ed como la existencia o no de trasferencias internacionales, iv) los criterios o plazos de conservaci\u00f3n, v) as\u00ed como los derechos que le asisten el calidad de interesado.<\/p><p>El Usuario, es tambi\u00e9n el \u00fanico responsable de la informaci\u00f3n que proporcione, y de la veracidad y licitud de la misma.<\/p><ul><li><b>Informaci\u00f3n de terceras personas<\/b><\/li><\/ul><p>Cuando el Usuario nos proporcione datos respecto de terceras personas, bien voluntariamente, bien porque lo requiramos en cumplimiento de alguna obligaci\u00f3n legal, el Usuario consiente el tratamiento y declara que los datos son exactos. Igualmente, el Usuario declara que ha procedido a informar a las terceras personas del contenido de la presente pol\u00edtica y\/o de la que le aplique y haya sido informado espec\u00edficamente, y de los correspondientes derechos que en materia de Protecci\u00f3n de Datos personales les asisten. No obstante, lo anterior, Eco Energ\u00eda pondr\u00e1 todos sus esfuerzos en actuar debidamente en relaci\u00f3n con el tratamiento de dichos terceros.<\/p><ul><li><b>Informaci\u00f3n p\u00fablica<\/b><\/li><\/ul><p>Eco Energ\u00eda podr\u00e1 tratar aquella informaci\u00f3n a la que pudiera acceder por ser informaci\u00f3n accesible leg\u00edtimamente al p\u00fablico, y en especial, aquella informaci\u00f3n p\u00fablica que est\u00e9 a disposici\u00f3n en registros oficiales. En cualquier caso, este tratamiento s\u00f3lo se llevar\u00e1 acabo si media una base leg\u00edtima de las tasadas en la normativa aplicable y, siempre que sea posible o medie una relaci\u00f3n contractual, ser\u00e1 informado.<\/p><ul><li><b>Datos personales de menores de edad<\/b><\/li><\/ul><p>Eco Energ\u00eda no recaba deliberadamente datos personales de menores de edad, sin autorizaci\u00f3n de sus padres, representantes o tutores legales. Ninguno de los Canales puestos a disposici\u00f3n del Usuario por parte de Eco Energ\u00eda, est\u00e1n dise\u00f1ados o dirigidos a menores de edad.<\/p><p>Si padres, representantes o tutores legales consideran que sus hijos menores, han proporcionado informaci\u00f3n personal sin su consentimiento, p\u00f3nganse en contacto con nosotros a trav\u00e9s de los mecanismos facilitados en la presente pol\u00edtica.<\/p><p><b>\u00bfCON QU\u00c9 FINALIDAD Y LEGITIMACI\u00d3N TRATA ACCIONA LOS DATOS PERSONALES?<\/b><\/p><p>Eco Energ\u00eda trata los datos personales de los Usuarios, recogidos a trav\u00e9s de cualquiera de nuestros Canales, con las finalidades y bases leg\u00edtimas que se detallan e informan en cada tratamiento espec\u00edfico, pero a t\u00edtulo informativo mencionamos a continuaci\u00f3n algunos de alcance general:<\/p><ul><li><b>Gestionar la relaci\u00f3n establecida con nosotros<\/b><\/li><\/ul><p>En aquellos servicios que prestamos a trav\u00e9s de APPs o plataformas web, tratamos los datos proporcionados por los Usuarios con la finalidad de gestionar las credenciales de acceso; proporcionar asistencia, dar respuesta a consultas, as\u00ed como administrar nuestros productos y servicios, y la calidad de los mismos. Es decir, de todas las categor\u00edas de datos que se hayan podido recabar, trataremos en base a esta finalidad, s\u00f3lo aqu\u00e9llas que nos permitan ser m\u00e1s eficientes.<\/p><p>En este sentido, tambi\u00e9n trataremos los datos proporcionados para atender las solicitudes de servicios y peticiones de informaci\u00f3n de nuestros Usuarios recibidas a trav\u00e9s de cualquiera de nuestros Canales, as\u00ed como para poder tramitar en su caso, sugerencias, reclamaciones o quejas. En estos casos, recabaremos sus datos para poder ejecutar la relaci\u00f3n precontractual o contractual que nos permita proporcionarle eficientemente nuestros productos y servicios.<\/p>\t\t\t\t\t\t\t\t<\/div>\n\t\t\t\t\t<\/div>\n\t\t\t\t<\/div>\n\t\t\t\t<\/div>\n\t\t","protected":false},"excerpt":{"rendered":"<p>POL\u00cdTICA DE PRIVACIDAD La seguridad de los datos personales se ha convertido en una de las m\u00e1ximas prioridades de las organizaciones, y en una empresa global y altamente interconectada como la nuestra, garantizar la inviolabilidad de esa informaci\u00f3n ha de ser un objetivo prioritario. En este sentido, queremos ser transparentes y poner a disposici\u00f3n de [&hellip;]<\/p>\n","protected":false},"author":1,"featured_media":0,"parent":0,"menu_order":0,"comment_status":"closed","ping_status":"closed","template":"","meta":{"footnotes":""},"class_list":["post-363","page","type-page","status-publish","hentry"],"_links":{"self":[{"href":"https:\/\/awesome-chandrasekhar.141-94-68-77.plesk.page\/index.php\/wp-json\/wp\/v2\/pages\/363","targetHints":{"allow":["GET"]}}],"collection":[{"href":"https:\/\/awesome-chandrasekhar.141-94-68-77.plesk.page\/index.php\/wp-json\/wp\/v2\/pages"}],"about":[{"href":"https:\/\/awesome-chandrasekhar.141-94-68-77.plesk.page\/index.php\/wp-json\/wp\/v2\/types\/page"}],"author":[{"embeddable":true,"href":"https:\/\/awesome-chandrasekhar.141-94-68-77.plesk.page\/index.php\/wp-json\/wp\/v2\/users\/1"}],"replies":[{"embeddable":true,"href":"https:\/\/awesome-chandrasekhar.141-94-68-77.plesk.page\/index.php\/wp-json\/wp\/v2\/comments?post=363"}],"version-history":[{"count":13,"href":"https:\/\/awesome-chandrasekhar.141-94-68-77.plesk.page\/index.php\/wp-json\/wp\/v2\/pages\/363\/revisions"}],"predecessor-version":[{"id":452,"href":"https:\/\/awesome-chandrasekhar.141-94-68-77.plesk.page\/index.php\/wp-json\/wp\/v2\/pages\/363\/revisions\/452"}],"wp:attachment":[{"href":"https:\/\/awesome-chandrasekhar.141-94-68-77.plesk.page\/index.php\/wp-json\/wp\/v2\/media?parent=363"}],"curies":[{"name":"wp","href":"https:\/\/api.w.org\/{rel}","templated":true}]}}